{"id":11280,"date":"2025-02-03T18:22:18","date_gmt":"2025-02-03T18:22:18","guid":{"rendered":"https:\/\/www.d-id.com\/?page_id=11280"},"modified":"2025-12-01T14:26:17","modified_gmt":"2025-12-01T14:26:17","slug":"kontakt","status":"publish","type":"page","link":"https:\/\/www.d-id.com\/de\/kontakt\/","title":{"rendered":"Contact Us"},"content":{"rendered":"<section class=\"c-block c-margin c-margin--top-default c-margin--bottom-default c-padding--top-default c-padding--bottom-default c-paddingm--top-default c-paddingm--bottom-default c-block b-form-and-content b-form-and-content--page-kontakt  align b-form-and-content-layout-form-right-2025 b-form-and-content--layout-form-right-2025 b-form-and-content-style-default\" id=\"b-form-and-content-1\">\n\t<div class=\"c-background c-background--container\" style=\"--bg-color: #090604\">\n    \n    \t\t<div class=\"c-background__color has-dark-background-color\"><\/div>\n\n        <div class=\"c-background__image c-background__image--desktop-tablet  c-background__image--desktop-mobile  c-background__image--desktop\"><\/div>\n\n        \n            \n    \t    <div class=\"c-background__content\">\n\t\t\t<div class=\"container\">\n\t\t\t<div class=\"b-form-and-content__body\">\n\t\t\t\t\t\t\t\t\t<div class=\"c-form-style-contact-us-iframe c-form c-form--hubspot\" style=\"min-height: 425px\" >\n\t\t<div class=\"c-form-hubspot\"\n\t\tid=\"c-form-hubspot-69ea3543460d4\" data-portal-id=\"25480953\" data-form-id=\"31d140c7-2898-4ea6-98e9-c397380f00cd\" data-include-styles=\"false\" data-submit-button-class=\"c-form-hubspot__submit c-btn-form-submit\" data-error-class=\"c-form-hubspot__input c-form-hubspot__input--error c-input-error\" data-error-message-class=\"c-form-hubspot__error-messages c-error-messages\">\n\t<\/div>\n\t<\/div>\n\t\t\t\t\n\t\t\t\t<div class=\"b-form-and-content__entry\">\n\t\t\t\t\t<header class=\"c-section-header\">\n\t\t\t\t<h1 class=\"c-el c-title c-section-header__title has-white-color h1\">\n\tBuche deine D-ID Demo\n<\/h1>\n\t\t\t<\/header>\n\t\t\t\t\t<div class=\"c-text has-white-color c-text--p4\">\n\t\t<p><strong>DAS ERWARTET DICH:<\/strong><\/p>\n<ul>\n<li>Eine pers\u00f6nliche Live-Demo der Videol\u00f6sungen von D-ID<\/li>\n<li>Praxisnahe Beispiele und Erfolgsgeschichten, wie Unternehmen D-ID erfolgreich einsetzen<\/li>\n<li>Ein \u00dcberblick \u00fcber Preise und Pl\u00e4ne, die zu deinen Bed\u00fcrfnissen passen<\/li>\n<\/ul>\n\n\t<\/div>\n\t\t\t\t\t<div class=\"c-media c-media--video\">\n\t\t\t\t\t\t<div class=\"c-video c-video--source-vimeo\">\n\t\n\t\n\t\t\t\t<div class=\"video video-external video-external--vimeo\"\n\t\t\t\tdata-video-id=\"893319156\"\n\t\t\t\tdata-video-hash=\"\"\n\t\t\t\tdata-autoplay=\"\"\n\t\t\t\tdata-autopause=\"\"\n\t\t\t\tdata-loop=\"\"\n\t\t\t\tdata-controls=\"1\"\n\t\t\t\tdata-muted=\"\"\n\t\t\t\tdata-get-poster=\"\"\n\t\t\t>\n\t\t\t\t\t\t\t<\/div>\n\t\t\t\n\t\n<\/div>\n\n\t\t\t\t\n\t\t\t<\/div>\n\n\t\t\t\t\t\t\t\t\t\t\t<div class=\"b-form-and-content__logos\">\n\t\t\t\t\t\t\t\t\t\t\t\t\t\t\t<div class=\"b-form-and-content__logo\">\n\t\t\t\t\t\t\t\t\t<div class=\"c-logo\">\n\t<picture class=\"c-picture\">\n\t\n\t\t<img decoding=\"async\" width=\"2106\" height=\"516\" src=\"https:\/\/www.d-id.com\/wp-content\/uploads\/2025\/02\/deloitte-logo-black-and-white-1-e1574953463204.webp\" class=\"c-image c-picture__image\" alt=\"The image shows the Deloitte logo in bold white letters with a period at the end, set against a black background.\" srcset=\"https:\/\/www.d-id.com\/wp-content\/uploads\/2025\/02\/deloitte-logo-black-and-white-1-e1574953463204.webp 2106w, https:\/\/www.d-id.com\/wp-content\/uploads\/2025\/02\/deloitte-logo-black-and-white-1-e1574953463204-300x74.webp 300w, https:\/\/www.d-id.com\/wp-content\/uploads\/2025\/02\/deloitte-logo-black-and-white-1-e1574953463204-1024x251.webp 1024w, https:\/\/www.d-id.com\/wp-content\/uploads\/2025\/02\/deloitte-logo-black-and-white-1-e1574953463204-768x188.webp 768w, https:\/\/www.d-id.com\/wp-content\/uploads\/2025\/02\/deloitte-logo-black-and-white-1-e1574953463204-1536x376.webp 1536w, https:\/\/www.d-id.com\/wp-content\/uploads\/2025\/02\/deloitte-logo-black-and-white-1-e1574953463204-2048x502.webp 2048w\" sizes=\"(max-width: 2106px) 100vw, 2106px\" \/>\n<\/picture>\n<\/div>\n\t\t\t\t\t\t\t\t<\/div>\n\t\t\t\t\t\t\t\t\t\t\t\t\t\t\t<div class=\"b-form-and-content__logo\">\n\t\t\t\t\t\t\t\t\t<div class=\"c-logo\">\n\t<picture class=\"c-picture\">\n\t\n\t\t<img decoding=\"async\" width=\"1500\" height=\"469\" src=\"https:\/\/www.d-id.com\/wp-content\/uploads\/2025\/02\/microsoftlogowhite.png\" class=\"c-image c-picture__image\" alt=\"The Microsoft logo featuring a four-pane window symbol next to the word &quot;Microsoft&quot; in a modern font.\" srcset=\"https:\/\/www.d-id.com\/wp-content\/uploads\/2025\/02\/microsoftlogowhite.png 1500w, https:\/\/www.d-id.com\/wp-content\/uploads\/2025\/02\/microsoftlogowhite-300x94.png 300w, https:\/\/www.d-id.com\/wp-content\/uploads\/2025\/02\/microsoftlogowhite-1024x320.png 1024w, https:\/\/www.d-id.com\/wp-content\/uploads\/2025\/02\/microsoftlogowhite-768x240.png 768w\" sizes=\"(max-width: 1500px) 100vw, 1500px\" \/>\n<\/picture>\n<\/div>\n\t\t\t\t\t\t\t\t<\/div>\n\t\t\t\t\t\t\t\t\t\t\t\t\t\t\t<div class=\"b-form-and-content__logo\">\n\t\t\t\t\t\t\t\t\t<div class=\"c-logo\">\n\t<picture class=\"c-picture\">\n\t\n\t\t<img decoding=\"async\" width=\"1563\" height=\"469\" src=\"https:\/\/www.d-id.com\/wp-content\/uploads\/2025\/02\/WPP_BIG.D-1c4e1654.png\" class=\"c-image c-picture__image\" alt=\"White dots arranged on a transparent background forming the letters &quot;WPP&quot; in a bold, stylized font.\" srcset=\"https:\/\/www.d-id.com\/wp-content\/uploads\/2025\/02\/WPP_BIG.D-1c4e1654.png 1563w, https:\/\/www.d-id.com\/wp-content\/uploads\/2025\/02\/WPP_BIG.D-1c4e1654-300x90.png 300w, https:\/\/www.d-id.com\/wp-content\/uploads\/2025\/02\/WPP_BIG.D-1c4e1654-1024x307.png 1024w, https:\/\/www.d-id.com\/wp-content\/uploads\/2025\/02\/WPP_BIG.D-1c4e1654-768x230.png 768w, https:\/\/www.d-id.com\/wp-content\/uploads\/2025\/02\/WPP_BIG.D-1c4e1654-1536x461.png 1536w\" sizes=\"(max-width: 1563px) 100vw, 1563px\" \/>\n<\/picture>\n<\/div>\n\t\t\t\t\t\t\t\t<\/div>\n\t\t\t\t\t\t\t\t\t\t\t\t\t<\/div>\n\t\t\t\t\t\n\t\t\t\t\t\t\t\t\t<\/div>\n\t\t\t<\/div>\n\t\t<\/div>\n\t\t<\/div>\n\t<\/div>\n<\/section>\n\n\n\n<p><\/p>\n","protected":false},"excerpt":{"rendered":"","protected":false},"author":69,"featured_media":0,"parent":0,"menu_order":0,"comment_status":"closed","ping_status":"closed","template":"","meta":{"_acf_changed":false,"content-type":"","_uag_custom_page_level_css":"","footnotes":""},"class_list":["post-11280","page","type-page","status-publish","hentry"],"acf":[],"yoast_head":"<!-- This site is optimized with the Yoast SEO Premium plugin v27.4 (Yoast SEO v27.4) - https:\/\/yoast.com\/product\/yoast-seo-premium-wordpress\/ -->\n<title>Kontakt | D-ID<\/title>\n<meta name=\"description\" content=\"Kontaktiere D-ID, um eine pers\u00f6nliche Demo unserer KI-gest\u00fctzten Videol\u00f6sungen zu vereinbaren und Preismodelle zu entdecken, die auf deine Bed\u00fcrfnisse zugeschnitten sind.\" \/>\n<meta name=\"robots\" content=\"index, follow, max-snippet:-1, max-image-preview:large, max-video-preview:-1\" \/>\n<link rel=\"canonical\" href=\"https:\/\/www.d-id.com\/de\/kontakt\/\" \/>\n<meta property=\"og:locale\" content=\"de_DE\" \/>\n<meta property=\"og:type\" content=\"article\" \/>\n<meta property=\"og:title\" content=\"Contact Us\" \/>\n<meta property=\"og:description\" content=\"Kontaktiere D-ID, um eine pers\u00f6nliche Demo unserer KI-gest\u00fctzten Videol\u00f6sungen zu vereinbaren und Preismodelle zu entdecken, die auf deine Bed\u00fcrfnisse zugeschnitten sind.\" \/>\n<meta property=\"og:url\" content=\"https:\/\/www.d-id.com\/de\/kontakt\/\" \/>\n<meta property=\"og:site_name\" content=\"D-ID\" \/>\n<meta property=\"article:publisher\" content=\"https:\/\/www.facebook.com\/deidentification\/\" \/>\n<meta property=\"article:modified_time\" content=\"2025-12-01T14:26:17+00:00\" \/>\n<meta property=\"og:image\" content=\"https:\/\/www.d-id.com\/wp-content\/uploads\/2024\/01\/website-preview-image-3.png\" \/>\n\t<meta property=\"og:image:width\" content=\"1200\" \/>\n\t<meta property=\"og:image:height\" content=\"675\" \/>\n\t<meta property=\"og:image:type\" content=\"image\/png\" \/>\n<meta name=\"twitter:card\" content=\"summary_large_image\" \/>\n<meta name=\"twitter:site\" content=\"@D_ID_\" \/>\n<script type=\"application\/ld+json\" class=\"yoast-schema-graph\">{\"@context\":\"https:\\\/\\\/schema.org\",\"@graph\":[{\"@type\":\"WebPage\",\"@id\":\"https:\\\/\\\/www.d-id.com\\\/de\\\/kontakt\\\/\",\"url\":\"https:\\\/\\\/www.d-id.com\\\/de\\\/kontakt\\\/\",\"name\":\"Kontakt | D-ID\",\"isPartOf\":{\"@id\":\"https:\\\/\\\/www.d-id.com\\\/de\\\/#website\"},\"datePublished\":\"2025-02-03T18:22:18+00:00\",\"dateModified\":\"2025-12-01T14:26:17+00:00\",\"description\":\"Kontaktiere D-ID, um eine pers\u00f6nliche Demo unserer KI-gest\u00fctzten Videol\u00f6sungen zu vereinbaren und Preismodelle zu entdecken, die auf deine Bed\u00fcrfnisse zugeschnitten sind.\",\"breadcrumb\":{\"@id\":\"https:\\\/\\\/www.d-id.com\\\/de\\\/kontakt\\\/#breadcrumb\"},\"inLanguage\":\"de\",\"potentialAction\":[{\"@type\":\"ReadAction\",\"target\":[\"https:\\\/\\\/www.d-id.com\\\/de\\\/kontakt\\\/\"]}]},{\"@type\":\"BreadcrumbList\",\"@id\":\"https:\\\/\\\/www.d-id.com\\\/de\\\/kontakt\\\/#breadcrumb\",\"itemListElement\":[{\"@type\":\"ListItem\",\"position\":1,\"name\":\"Home\",\"item\":\"https:\\\/\\\/www.d-id.com\\\/de\\\/\"},{\"@type\":\"ListItem\",\"position\":2,\"name\":\"Contact Us\"}]},{\"@type\":\"WebSite\",\"@id\":\"https:\\\/\\\/www.d-id.com\\\/de\\\/#website\",\"url\":\"https:\\\/\\\/www.d-id.com\\\/de\\\/\",\"name\":\"D-ID\",\"description\":\"Create AI Videos, Interactive Avatars to engage your audience. Custom AI-powered digital people at scale for businesses and creators.\",\"publisher\":{\"@id\":\"https:\\\/\\\/www.d-id.com\\\/de\\\/#organization\"},\"alternateName\":\"Interfaces, Evolved.\",\"potentialAction\":[{\"@type\":\"SearchAction\",\"target\":{\"@type\":\"EntryPoint\",\"urlTemplate\":\"https:\\\/\\\/www.d-id.com\\\/de\\\/?s={search_term_string}\"},\"query-input\":{\"@type\":\"PropertyValueSpecification\",\"valueRequired\":true,\"valueName\":\"search_term_string\"}}],\"inLanguage\":\"de\"},{\"@type\":\"Organization\",\"@id\":\"https:\\\/\\\/www.d-id.com\\\/de\\\/#organization\",\"name\":\"D-ID\",\"url\":\"https:\\\/\\\/www.d-id.com\\\/de\\\/\",\"logo\":{\"@type\":\"ImageObject\",\"inLanguage\":\"de\",\"@id\":\"https:\\\/\\\/www.d-id.com\\\/de\\\/#\\\/schema\\\/logo\\\/image\\\/\",\"url\":\"https:\\\/\\\/www.d-id.com\\\/wp-content\\\/uploads\\\/2023\\\/11\\\/d-id-logo-1.svg\",\"contentUrl\":\"https:\\\/\\\/www.d-id.com\\\/wp-content\\\/uploads\\\/2023\\\/11\\\/d-id-logo-1.svg\",\"width\":66,\"height\":53,\"caption\":\"D-ID\"},\"image\":{\"@id\":\"https:\\\/\\\/www.d-id.com\\\/de\\\/#\\\/schema\\\/logo\\\/image\\\/\"},\"sameAs\":[\"https:\\\/\\\/www.facebook.com\\\/deidentification\\\/\",\"https:\\\/\\\/x.com\\\/D_ID_\"]}]}<\/script>\n<!-- \/ Yoast SEO Premium plugin. -->","yoast_head_json":{"title":"Kontakt | D-ID","description":"Kontaktiere D-ID, um eine pers\u00f6nliche Demo unserer KI-gest\u00fctzten Videol\u00f6sungen zu vereinbaren und Preismodelle zu entdecken, die auf deine Bed\u00fcrfnisse zugeschnitten sind.","robots":{"index":"index","follow":"follow","max-snippet":"max-snippet:-1","max-image-preview":"max-image-preview:large","max-video-preview":"max-video-preview:-1"},"canonical":"https:\/\/www.d-id.com\/de\/kontakt\/","og_locale":"de_DE","og_type":"article","og_title":"Contact Us","og_description":"Kontaktiere D-ID, um eine pers\u00f6nliche Demo unserer KI-gest\u00fctzten Videol\u00f6sungen zu vereinbaren und Preismodelle zu entdecken, die auf deine Bed\u00fcrfnisse zugeschnitten sind.","og_url":"https:\/\/www.d-id.com\/de\/kontakt\/","og_site_name":"D-ID","article_publisher":"https:\/\/www.facebook.com\/deidentification\/","article_modified_time":"2025-12-01T14:26:17+00:00","og_image":[{"width":1200,"height":675,"url":"https:\/\/www.d-id.com\/wp-content\/uploads\/2024\/01\/website-preview-image-3.png","type":"image\/png"}],"twitter_card":"summary_large_image","twitter_site":"@D_ID_","schema":{"@context":"https:\/\/schema.org","@graph":[{"@type":"WebPage","@id":"https:\/\/www.d-id.com\/de\/kontakt\/","url":"https:\/\/www.d-id.com\/de\/kontakt\/","name":"Kontakt | D-ID","isPartOf":{"@id":"https:\/\/www.d-id.com\/de\/#website"},"datePublished":"2025-02-03T18:22:18+00:00","dateModified":"2025-12-01T14:26:17+00:00","description":"Kontaktiere D-ID, um eine pers\u00f6nliche Demo unserer KI-gest\u00fctzten Videol\u00f6sungen zu vereinbaren und Preismodelle zu entdecken, die auf deine Bed\u00fcrfnisse zugeschnitten sind.","breadcrumb":{"@id":"https:\/\/www.d-id.com\/de\/kontakt\/#breadcrumb"},"inLanguage":"de","potentialAction":[{"@type":"ReadAction","target":["https:\/\/www.d-id.com\/de\/kontakt\/"]}]},{"@type":"BreadcrumbList","@id":"https:\/\/www.d-id.com\/de\/kontakt\/#breadcrumb","itemListElement":[{"@type":"ListItem","position":1,"name":"Home","item":"https:\/\/www.d-id.com\/de\/"},{"@type":"ListItem","position":2,"name":"Contact Us"}]},{"@type":"WebSite","@id":"https:\/\/www.d-id.com\/de\/#website","url":"https:\/\/www.d-id.com\/de\/","name":"D-ID","description":"Create AI Videos, Interactive Avatars to engage your audience. Custom AI-powered digital people at scale for businesses and creators.","publisher":{"@id":"https:\/\/www.d-id.com\/de\/#organization"},"alternateName":"Interfaces, Evolved.","potentialAction":[{"@type":"SearchAction","target":{"@type":"EntryPoint","urlTemplate":"https:\/\/www.d-id.com\/de\/?s={search_term_string}"},"query-input":{"@type":"PropertyValueSpecification","valueRequired":true,"valueName":"search_term_string"}}],"inLanguage":"de"},{"@type":"Organization","@id":"https:\/\/www.d-id.com\/de\/#organization","name":"D-ID","url":"https:\/\/www.d-id.com\/de\/","logo":{"@type":"ImageObject","inLanguage":"de","@id":"https:\/\/www.d-id.com\/de\/#\/schema\/logo\/image\/","url":"https:\/\/www.d-id.com\/wp-content\/uploads\/2023\/11\/d-id-logo-1.svg","contentUrl":"https:\/\/www.d-id.com\/wp-content\/uploads\/2023\/11\/d-id-logo-1.svg","width":66,"height":53,"caption":"D-ID"},"image":{"@id":"https:\/\/www.d-id.com\/de\/#\/schema\/logo\/image\/"},"sameAs":["https:\/\/www.facebook.com\/deidentification\/","https:\/\/x.com\/D_ID_"]}]}},"uagb_featured_image_src":{"full":false,"thumbnail":false,"medium":false,"medium_large":false,"large":false,"1536x1536":false,"2048x2048":false},"uagb_author_info":{"display_name":"Donovan Maidens","author_link":"https:\/\/www.d-id.com\/de\/author\/airfleet-donovan-maidens\/"},"uagb_comment_info":0,"uagb_excerpt":null,"_links":{"self":[{"href":"https:\/\/www.d-id.com\/de\/wp-json\/wp\/v2\/pages\/11280","targetHints":{"allow":["GET"]}}],"collection":[{"href":"https:\/\/www.d-id.com\/de\/wp-json\/wp\/v2\/pages"}],"about":[{"href":"https:\/\/www.d-id.com\/de\/wp-json\/wp\/v2\/types\/page"}],"author":[{"embeddable":true,"href":"https:\/\/www.d-id.com\/de\/wp-json\/wp\/v2\/users\/69"}],"replies":[{"embeddable":true,"href":"https:\/\/www.d-id.com\/de\/wp-json\/wp\/v2\/comments?post=11280"}],"version-history":[{"count":0,"href":"https:\/\/www.d-id.com\/de\/wp-json\/wp\/v2\/pages\/11280\/revisions"}],"wp:attachment":[{"href":"https:\/\/www.d-id.com\/de\/wp-json\/wp\/v2\/media?parent=11280"}],"curies":[{"name":"wp","href":"https:\/\/api.w.org\/{rel}","templated":true}]}}