{"id":10934,"date":"2024-05-02T09:39:17","date_gmt":"2024-05-02T09:39:17","guid":{"rendered":"https:\/\/www.d-id.com\/security-and-privacy-compliance\/"},"modified":"2025-12-01T15:03:38","modified_gmt":"2025-12-01T15:03:38","slug":"sicherheits-und-datenschutzkonformitaet","status":"publish","type":"page","link":"https:\/\/www.d-id.com\/de\/sicherheits-und-datenschutzkonformitaet\/","title":{"rendered":"Trust Center"},"content":{"rendered":"\n<div class=\"wp-block-uagb-image aligncenter uagb-block-bc0ff5f8 wp-block-uagb-image--layout-default wp-block-uagb-image--effect-static wp-block-uagb-image--align-center\"><figure class=\"wp-block-uagb-image__figure\"><img decoding=\"async\" srcset=\"https:\/\/www.d-id.com\/wp-content\/uploads\/2024\/09\/ISOIEC-42001-Certification-1024-x-578-px-3.png ,https:\/\/www.d-id.com\/wp-content\/uploads\/2024\/09\/ISOIEC-42001-Certification-1024-x-578-px-3.png 780w, https:\/\/www.d-id.com\/wp-content\/uploads\/2024\/09\/ISOIEC-42001-Certification-1024-x-578-px-3.png 360w\" sizes=\"auto, (max-width: 480px) 150px\" src=\"https:\/\/www.d-id.com\/wp-content\/uploads\/2024\/09\/ISOIEC-42001-Certification-1024-x-578-px-3.png\" alt=\"D-ID logo above the bold text &quot;Security and Privacy Compliance&quot; with a caption below reading We are committed to ensuring the highest ethical standards&quot; over a dark digital network background.\" class=\"uag-image-8748\" width=\"1024\" height=\"578\" title=\"ISOIEC 42001 Certification (1024 x 578 px) (3)\" loading=\"lazy\" role=\"img\"\/><\/figure><\/div>\n\n\n\n<div style=\"height:20px\" aria-hidden=\"true\" class=\"wp-block-spacer\"><\/div>\n\n\n<section class=\"c-block c-block b-text b-text--page-sicherheits-und-datenschutzkonformitaet  align b-text-layout-default b-text--layout-default b-text-style-default\" id=\"b-text-1\">\n\t<div class=\"c-background c-background--container\" style=\"--bg-color: \">\n    \n    \n    \t    <div class=\"c-background__content\">\n\t\t\t<div class=\"container\">\n\t\t\t<div class=\"c-text default\">\n\t\t<p><span style=\"font-weight: 400;\">Wir bei D-ID wissen, wie wichtig der Schutz personenbezogener Daten ist. Als f\u00fchrendes Unternehmen im Bereich KI-Technologie legen wir nicht nur Wert auf Innovation, sondern auch auf die Einhaltung h\u00f6chster Sicherheits- und Compliance-Standards.\u00a0 Wir zeigen dir gern, wie wir deine Daten mit derselben Sorgfalt sch\u00fctzen, mit der wir auch unsere Technologie entwickeln.<\/span><\/p>\n<h2><strong>ISO-Zertifizierungen<\/strong><br \/>\n<img decoding=\"async\" class=\"size-full wp-image-6421 alignright\" src=\"https:\/\/www.d-id.com\/wp-content\/uploads\/2023\/11\/ISO-Black-1.png\" alt=\"\" width=\"117\" height=\"96\" \/><\/h2>\n<p><span style=\"font-weight: 400;\">Wir sind stolz darauf, mit den folgenden renommierten <a href=\"https:\/\/www.d-id.com\/blog\/d-id-has-achieved-iso-certification\/\"><b>ISO-Zertifizierungen<\/b><\/a> ausgezeichnet zu sein:<\/span><\/p>\n<p><img decoding=\"async\" src=\"https:\/\/www.d-id.com\/wp-content\/uploads\/2024\/09\/Untitled-design-7.png\" alt=\"Bullet Icon\" width=\"25\" height=\"25\" \/><a href=\"https:\/\/www.d-id.com\/wp-content\/uploads\/2025\/10\/p0430404216_FFPDF-English-1126617.pdf\" target=\"_blank\" rel=\"noopener\"><strong>ISO\/IEC 27001:2022<\/strong><\/a>: <span style=\"font-weight: 400;\">Unser Nachweis f\u00fcr ein starkes und verl\u00e4ssliches Informationssicherheits-Managementsystem.<\/span><\/p>\n<p><img decoding=\"async\" src=\"https:\/\/www.d-id.com\/wp-content\/uploads\/2024\/09\/Untitled-design-7.png\" alt=\"Bullet Icon\" width=\"25\" height=\"25\" \/><a href=\"https:\/\/www.d-id.com\/wp-content\/uploads\/2024\/04\/p0662000303_FFPDF-English-1122259-27017.pdf\"><strong>ISO\/IEC 27017:2015<\/strong><\/a>: <span style=\"font-weight: 400;\">Setzt den Standard f\u00fcr bew\u00e4hrte Verfahren im Bereich Cloud-Sicherheit<\/span>.<\/p>\n<p><img decoding=\"async\" src=\"https:\/\/www.d-id.com\/wp-content\/uploads\/2024\/09\/Untitled-design-7.png\" alt=\"Bullet Icon\" width=\"25\" height=\"25\" \/><a href=\"https:\/\/www.d-id.com\/wp-content\/uploads\/2024\/04\/p0470402127_FFPDF-English-1122260-27018.pdf\"><strong>ISO\/IEC 27018:2019<\/strong><\/a>: <span style=\"font-weight: 400;\">Gew\u00e4hrleistet den Schutz personenbezogener Daten (PII) in Cloud-Umgebungen und stellt die Einhaltung internationaler Datenschutzrichtlinien, einschlie\u00dflich der DSGVO, sicher.<\/span><\/p>\n<p><img decoding=\"async\" src=\"https:\/\/www.d-id.com\/wp-content\/uploads\/2024\/09\/Untitled-design-7.png\" alt=\"Bullet Icon\" width=\"25\" height=\"25\" \/><a href=\"https:\/\/www.d-id.com\/wp-content\/uploads\/2024\/09\/p0834400650_FFPDF-English-1123594.pdf\"><strong>ISO\/IEC 42001:2023<\/strong><\/a>: <span style=\"font-weight: 400;\">Der internationale Standard f\u00fcr den Aufbau, die Implementierung und die kontinuierliche Verbesserung von Managementsystemen f\u00fcr K\u00fcnstliche Intelligenz (AIMS).<\/span><\/p>\n<p><img decoding=\"async\" src=\"https:\/\/www.d-id.com\/wp-content\/uploads\/2024\/09\/Untitled-design-7.png\" alt=\"Bullet Icon\" width=\"25\" height=\"25\" \/><a href=\"https:\/\/www.d-id.com\/wp-content\/uploads\/2024\/12\/p1724405660_FFPDF-English-1124575-ISO-27799.pdf\"><strong>ISO\/IEC 27799<\/strong><\/a>: <span style=\"font-weight: 400;\">Wir erf\u00fcllen vollst\u00e4ndig die Anforderungen der <\/span><i><span style=\"font-weight: 400;\">ISO 27799 Health Informatics \u2013 Information Security Management in Health<\/span><\/i><span style=\"font-weight: 400;\">, basierend auf <\/span><i><span style=\"font-weight: 400;\">ISO\/IEC 27002<\/span><\/i><span style=\"font-weight: 400;\">. <\/span><a href=\"https:\/\/www.d-id.com\/blog\/d-id-achieves-iso-27799-2016\/\"><span style=\"font-weight: 400;\">Mehr dazu in unserem Blog.<\/span><\/a><\/p>\n<p><img decoding=\"async\" src=\"https:\/\/www.d-id.com\/wp-content\/uploads\/2024\/09\/Untitled-design-7.png\" alt=\"Bullet Icon\" width=\"25\" height=\"25\" \/><a href=\"https:\/\/www.d-id.com\/blog\/d-id-achieves-soc-2-certification\/\"><strong>SOC 2 Certification<\/strong><\/a>: <span style=\"font-weight: 400;\">Dieses Pr\u00fcfverfahren garantiert, dass Daten in der Cloud sicher gespeichert, verarbeitet und geteilt werden \u2013 mit nachweislichem Schutz vor unbefugtem Zugriff und einem unterbrechungsfreien Serviceniveau.<\/span><\/p>\n<p><img decoding=\"async\" src=\"https:\/\/www.d-id.com\/wp-content\/uploads\/2024\/09\/Untitled-design-7.png\" alt=\"Bullet Icon\" width=\"25\" height=\"25\" \/><strong><a href=\"https:\/\/www.d-id.com\/wp-content\/uploads\/2025\/05\/2025-SII-Security-Stars.pdf\">Information Security Star:<\/a><span style=\"font-weight: 400;\"> Das <\/span><i><span style=\"font-weight: 400;\">Standards Institute of Israel<\/span><\/i><span style=\"font-weight: 400;\"> hat <\/span>D-ID<span style=\"font-weight: 400;\"> f\u00fcr die Implementierung und Pflege seines Sicherheitsmanagementsystems mit der h\u00f6chsten Auszeichnung von <\/span><b>drei Sternen<\/b><span style=\"font-weight: 400;\"> bewertet.<\/span><\/strong><\/p>\n\n\t<\/div>\n\t\t<\/div>\n\t\t<\/div>\n\t<\/div>\n<\/section>\n\n\n\n<p><\/p>\n","protected":false},"excerpt":{"rendered":"","protected":false},"author":4,"featured_media":0,"parent":0,"menu_order":0,"comment_status":"closed","ping_status":"closed","template":"templates\/ethics-page.blade.php","meta":{"_acf_changed":true,"content-type":"","_uag_custom_page_level_css":"","footnotes":""},"class_list":["post-10934","page","type-page","status-publish","hentry"],"acf":[],"yoast_head":"<!-- This site is optimized with the Yoast SEO Premium plugin v27.2 (Yoast SEO v27.3) - https:\/\/yoast.com\/product\/yoast-seo-premium-wordpress\/ -->\n<title>Sicherheits und Datenschutzkonformit\u00e4t<\/title>\n<meta name=\"description\" content=\"Eine \u00dcbersicht \u00fcber die Sicherheits- und Datenschutzkonformit\u00e4t von D-ID. Ihre Sicherheit bei der Nutzung unserer Produkte hat h\u00f6chste Priorit\u00e4t. Lesen Sie hier mehr dar\u00fcber.\" \/>\n<meta name=\"robots\" content=\"index, follow, max-snippet:-1, max-image-preview:large, max-video-preview:-1\" \/>\n<link rel=\"canonical\" href=\"https:\/\/www.d-id.com\/de\/sicherheits-und-datenschutzkonformitaet\/\" \/>\n<meta property=\"og:locale\" content=\"de_DE\" \/>\n<meta property=\"og:type\" content=\"article\" \/>\n<meta property=\"og:title\" content=\"Trust Center\" \/>\n<meta property=\"og:description\" content=\"Eine \u00dcbersicht \u00fcber die Sicherheits- und Datenschutzkonformit\u00e4t von D-ID. Ihre Sicherheit bei der Nutzung unserer Produkte hat h\u00f6chste Priorit\u00e4t. Lesen Sie hier mehr dar\u00fcber.\" \/>\n<meta property=\"og:url\" content=\"https:\/\/www.d-id.com\/de\/sicherheits-und-datenschutzkonformitaet\/\" \/>\n<meta property=\"og:site_name\" content=\"D-ID\" \/>\n<meta property=\"article:publisher\" content=\"https:\/\/www.facebook.com\/deidentification\/\" \/>\n<meta property=\"article:modified_time\" content=\"2025-12-01T15:03:38+00:00\" \/>\n<meta property=\"og:image\" content=\"https:\/\/www.d-id.com\/wp-content\/uploads\/2024\/09\/ISOIEC-42001-Certification-1024-x-578-px-3.png\" \/>\n<meta name=\"twitter:card\" content=\"summary_large_image\" \/>\n<meta name=\"twitter:site\" content=\"@D_ID_\" \/>\n<meta name=\"twitter:label1\" content=\"Gesch\u00e4tzte Lesezeit\" \/>\n\t<meta name=\"twitter:data1\" content=\"1\u00a0Minute\" \/>\n<script type=\"application\/ld+json\" class=\"yoast-schema-graph\">{\"@context\":\"https:\\\/\\\/schema.org\",\"@graph\":[{\"@type\":\"WebPage\",\"@id\":\"https:\\\/\\\/www.d-id.com\\\/de\\\/sicherheits-und-datenschutzkonformitaet\\\/\",\"url\":\"https:\\\/\\\/www.d-id.com\\\/de\\\/sicherheits-und-datenschutzkonformitaet\\\/\",\"name\":\"Sicherheits und Datenschutzkonformit\u00e4t\",\"isPartOf\":{\"@id\":\"https:\\\/\\\/www.d-id.com\\\/de\\\/#website\"},\"primaryImageOfPage\":{\"@id\":\"https:\\\/\\\/www.d-id.com\\\/de\\\/sicherheits-und-datenschutzkonformitaet\\\/#primaryimage\"},\"image\":{\"@id\":\"https:\\\/\\\/www.d-id.com\\\/de\\\/sicherheits-und-datenschutzkonformitaet\\\/#primaryimage\"},\"thumbnailUrl\":\"https:\\\/\\\/www.d-id.com\\\/wp-content\\\/uploads\\\/2024\\\/09\\\/ISOIEC-42001-Certification-1024-x-578-px-3.png\",\"datePublished\":\"2024-05-02T09:39:17+00:00\",\"dateModified\":\"2025-12-01T15:03:38+00:00\",\"description\":\"Eine \u00dcbersicht \u00fcber die Sicherheits- und Datenschutzkonformit\u00e4t von D-ID. Ihre Sicherheit bei der Nutzung unserer Produkte hat h\u00f6chste Priorit\u00e4t. Lesen Sie hier mehr dar\u00fcber.\",\"breadcrumb\":{\"@id\":\"https:\\\/\\\/www.d-id.com\\\/de\\\/sicherheits-und-datenschutzkonformitaet\\\/#breadcrumb\"},\"inLanguage\":\"de\",\"potentialAction\":[{\"@type\":\"ReadAction\",\"target\":[\"https:\\\/\\\/www.d-id.com\\\/de\\\/sicherheits-und-datenschutzkonformitaet\\\/\"]}]},{\"@type\":\"ImageObject\",\"inLanguage\":\"de\",\"@id\":\"https:\\\/\\\/www.d-id.com\\\/de\\\/sicherheits-und-datenschutzkonformitaet\\\/#primaryimage\",\"url\":\"https:\\\/\\\/www.d-id.com\\\/wp-content\\\/uploads\\\/2024\\\/09\\\/ISOIEC-42001-Certification-1024-x-578-px-3.png\",\"contentUrl\":\"https:\\\/\\\/www.d-id.com\\\/wp-content\\\/uploads\\\/2024\\\/09\\\/ISOIEC-42001-Certification-1024-x-578-px-3.png\"},{\"@type\":\"BreadcrumbList\",\"@id\":\"https:\\\/\\\/www.d-id.com\\\/de\\\/sicherheits-und-datenschutzkonformitaet\\\/#breadcrumb\",\"itemListElement\":[{\"@type\":\"ListItem\",\"position\":1,\"name\":\"Home\",\"item\":\"https:\\\/\\\/www.d-id.com\\\/de\\\/\"},{\"@type\":\"ListItem\",\"position\":2,\"name\":\"Trust Center\"}]},{\"@type\":\"WebSite\",\"@id\":\"https:\\\/\\\/www.d-id.com\\\/de\\\/#website\",\"url\":\"https:\\\/\\\/www.d-id.com\\\/de\\\/\",\"name\":\"D-ID\",\"description\":\"Create AI Videos, Interactive Avatars to engage your audience. Custom AI-powered digital people at scale for businesses and creators.\",\"publisher\":{\"@id\":\"https:\\\/\\\/www.d-id.com\\\/de\\\/#organization\"},\"alternateName\":\"Interfaces, Evolved.\",\"potentialAction\":[{\"@type\":\"SearchAction\",\"target\":{\"@type\":\"EntryPoint\",\"urlTemplate\":\"https:\\\/\\\/www.d-id.com\\\/de\\\/?s={search_term_string}\"},\"query-input\":{\"@type\":\"PropertyValueSpecification\",\"valueRequired\":true,\"valueName\":\"search_term_string\"}}],\"inLanguage\":\"de\"},{\"@type\":\"Organization\",\"@id\":\"https:\\\/\\\/www.d-id.com\\\/de\\\/#organization\",\"name\":\"D-ID\",\"url\":\"https:\\\/\\\/www.d-id.com\\\/de\\\/\",\"logo\":{\"@type\":\"ImageObject\",\"inLanguage\":\"de\",\"@id\":\"https:\\\/\\\/www.d-id.com\\\/de\\\/#\\\/schema\\\/logo\\\/image\\\/\",\"url\":\"https:\\\/\\\/www.d-id.com\\\/wp-content\\\/uploads\\\/2023\\\/11\\\/d-id-logo-1.svg\",\"contentUrl\":\"https:\\\/\\\/www.d-id.com\\\/wp-content\\\/uploads\\\/2023\\\/11\\\/d-id-logo-1.svg\",\"width\":66,\"height\":53,\"caption\":\"D-ID\"},\"image\":{\"@id\":\"https:\\\/\\\/www.d-id.com\\\/de\\\/#\\\/schema\\\/logo\\\/image\\\/\"},\"sameAs\":[\"https:\\\/\\\/www.facebook.com\\\/deidentification\\\/\",\"https:\\\/\\\/x.com\\\/D_ID_\"]}]}<\/script>\n<!-- \/ Yoast SEO Premium plugin. -->","yoast_head_json":{"title":"Sicherheits und Datenschutzkonformit\u00e4t","description":"Eine \u00dcbersicht \u00fcber die Sicherheits- und Datenschutzkonformit\u00e4t von D-ID. Ihre Sicherheit bei der Nutzung unserer Produkte hat h\u00f6chste Priorit\u00e4t. Lesen Sie hier mehr dar\u00fcber.","robots":{"index":"index","follow":"follow","max-snippet":"max-snippet:-1","max-image-preview":"max-image-preview:large","max-video-preview":"max-video-preview:-1"},"canonical":"https:\/\/www.d-id.com\/de\/sicherheits-und-datenschutzkonformitaet\/","og_locale":"de_DE","og_type":"article","og_title":"Trust Center","og_description":"Eine \u00dcbersicht \u00fcber die Sicherheits- und Datenschutzkonformit\u00e4t von D-ID. Ihre Sicherheit bei der Nutzung unserer Produkte hat h\u00f6chste Priorit\u00e4t. Lesen Sie hier mehr dar\u00fcber.","og_url":"https:\/\/www.d-id.com\/de\/sicherheits-und-datenschutzkonformitaet\/","og_site_name":"D-ID","article_publisher":"https:\/\/www.facebook.com\/deidentification\/","article_modified_time":"2025-12-01T15:03:38+00:00","og_image":[{"url":"https:\/\/www.d-id.com\/wp-content\/uploads\/2024\/09\/ISOIEC-42001-Certification-1024-x-578-px-3.png","type":"","width":"","height":""}],"twitter_card":"summary_large_image","twitter_site":"@D_ID_","twitter_misc":{"Gesch\u00e4tzte Lesezeit":"1\u00a0Minute"},"schema":{"@context":"https:\/\/schema.org","@graph":[{"@type":"WebPage","@id":"https:\/\/www.d-id.com\/de\/sicherheits-und-datenschutzkonformitaet\/","url":"https:\/\/www.d-id.com\/de\/sicherheits-und-datenschutzkonformitaet\/","name":"Sicherheits und Datenschutzkonformit\u00e4t","isPartOf":{"@id":"https:\/\/www.d-id.com\/de\/#website"},"primaryImageOfPage":{"@id":"https:\/\/www.d-id.com\/de\/sicherheits-und-datenschutzkonformitaet\/#primaryimage"},"image":{"@id":"https:\/\/www.d-id.com\/de\/sicherheits-und-datenschutzkonformitaet\/#primaryimage"},"thumbnailUrl":"https:\/\/www.d-id.com\/wp-content\/uploads\/2024\/09\/ISOIEC-42001-Certification-1024-x-578-px-3.png","datePublished":"2024-05-02T09:39:17+00:00","dateModified":"2025-12-01T15:03:38+00:00","description":"Eine \u00dcbersicht \u00fcber die Sicherheits- und Datenschutzkonformit\u00e4t von D-ID. Ihre Sicherheit bei der Nutzung unserer Produkte hat h\u00f6chste Priorit\u00e4t. Lesen Sie hier mehr dar\u00fcber.","breadcrumb":{"@id":"https:\/\/www.d-id.com\/de\/sicherheits-und-datenschutzkonformitaet\/#breadcrumb"},"inLanguage":"de","potentialAction":[{"@type":"ReadAction","target":["https:\/\/www.d-id.com\/de\/sicherheits-und-datenschutzkonformitaet\/"]}]},{"@type":"ImageObject","inLanguage":"de","@id":"https:\/\/www.d-id.com\/de\/sicherheits-und-datenschutzkonformitaet\/#primaryimage","url":"https:\/\/www.d-id.com\/wp-content\/uploads\/2024\/09\/ISOIEC-42001-Certification-1024-x-578-px-3.png","contentUrl":"https:\/\/www.d-id.com\/wp-content\/uploads\/2024\/09\/ISOIEC-42001-Certification-1024-x-578-px-3.png"},{"@type":"BreadcrumbList","@id":"https:\/\/www.d-id.com\/de\/sicherheits-und-datenschutzkonformitaet\/#breadcrumb","itemListElement":[{"@type":"ListItem","position":1,"name":"Home","item":"https:\/\/www.d-id.com\/de\/"},{"@type":"ListItem","position":2,"name":"Trust Center"}]},{"@type":"WebSite","@id":"https:\/\/www.d-id.com\/de\/#website","url":"https:\/\/www.d-id.com\/de\/","name":"D-ID","description":"Create AI Videos, Interactive Avatars to engage your audience. Custom AI-powered digital people at scale for businesses and creators.","publisher":{"@id":"https:\/\/www.d-id.com\/de\/#organization"},"alternateName":"Interfaces, Evolved.","potentialAction":[{"@type":"SearchAction","target":{"@type":"EntryPoint","urlTemplate":"https:\/\/www.d-id.com\/de\/?s={search_term_string}"},"query-input":{"@type":"PropertyValueSpecification","valueRequired":true,"valueName":"search_term_string"}}],"inLanguage":"de"},{"@type":"Organization","@id":"https:\/\/www.d-id.com\/de\/#organization","name":"D-ID","url":"https:\/\/www.d-id.com\/de\/","logo":{"@type":"ImageObject","inLanguage":"de","@id":"https:\/\/www.d-id.com\/de\/#\/schema\/logo\/image\/","url":"https:\/\/www.d-id.com\/wp-content\/uploads\/2023\/11\/d-id-logo-1.svg","contentUrl":"https:\/\/www.d-id.com\/wp-content\/uploads\/2023\/11\/d-id-logo-1.svg","width":66,"height":53,"caption":"D-ID"},"image":{"@id":"https:\/\/www.d-id.com\/de\/#\/schema\/logo\/image\/"},"sameAs":["https:\/\/www.facebook.com\/deidentification\/","https:\/\/x.com\/D_ID_"]}]}},"uagb_featured_image_src":{"full":false,"thumbnail":false,"medium":false,"medium_large":false,"large":false,"1536x1536":false,"2048x2048":false},"uagb_author_info":{"display_name":"D-ID","author_link":"https:\/\/www.d-id.com\/de\/author\/d-id\/"},"uagb_comment_info":0,"uagb_excerpt":null,"_links":{"self":[{"href":"https:\/\/www.d-id.com\/de\/wp-json\/wp\/v2\/pages\/10934","targetHints":{"allow":["GET"]}}],"collection":[{"href":"https:\/\/www.d-id.com\/de\/wp-json\/wp\/v2\/pages"}],"about":[{"href":"https:\/\/www.d-id.com\/de\/wp-json\/wp\/v2\/types\/page"}],"author":[{"embeddable":true,"href":"https:\/\/www.d-id.com\/de\/wp-json\/wp\/v2\/users\/4"}],"replies":[{"embeddable":true,"href":"https:\/\/www.d-id.com\/de\/wp-json\/wp\/v2\/comments?post=10934"}],"version-history":[{"count":0,"href":"https:\/\/www.d-id.com\/de\/wp-json\/wp\/v2\/pages\/10934\/revisions"}],"wp:attachment":[{"href":"https:\/\/www.d-id.com\/de\/wp-json\/wp\/v2\/media?parent=10934"}],"curies":[{"name":"wp","href":"https:\/\/api.w.org\/{rel}","templated":true}]}}